{"id":602,"date":"2024-07-30T10:20:19","date_gmt":"2024-07-30T08:20:19","guid":{"rendered":"https:\/\/www.piacentinatechnobrush.it\/private-label-mdd\/"},"modified":"2024-12-03T14:59:52","modified_gmt":"2024-12-03T13:59:52","slug":"private-label-mdd","status":"publish","type":"page","link":"https:\/\/www.piacentinatechnobrush.it\/fr\/private-label-mdd\/","title":{"rendered":"Private Label (MDD)"},"content":{"rendered":"<div class=\"wpb-content-wrapper\"><p>[vc_section full_width=\u00a0\u00bbstretch_row\u00a0\u00bb ridotta=\u00a0\u00bb0&Prime; carosello=\u00a0\u00bb0&Prime;][vc_row full_width=\u00a0\u00bbstretch_row_content_no_spaces\u00a0\u00bb carosello=\u00a0\u00bb0&Prime;][vc_column][vc_empty_space height=\u00a0\u00bb10vw\u00a0\u00bb el_class=\u00a0\u00bbolive-bg\u00a0\u00bb][vc_row_inner carosello=\u00a0\u00bb0&Prime; el_class=\u00a0\u00bbolive-bg need-pad\u00a0\u00bb][vc_column_inner][vc_empty_space height=\u00a0\u00bb64px\u00a0\u00bb el_class=\u00a0\u00bbhide-desktop\u00a0\u00bb][vc_custom_heading text=\u00a0\u00bbVotre marque, notre qualit\u00e9\u00a0\u00bb font_container=\u00a0\u00bbtag:h1|text_align:left\u00a0\u00bb use_theme_fonts=\u00a0\u00bbyes\u00a0\u00bb el_class=\u00a0\u00bbnugat inter-tight-regular mb-3 more-bigga\u00a0\u00bb][vc_column_text custom_text_color=\u00a0\u00bbnugat\u00a0\u00bb el_class=\u00a0\u00bbbiggo light\u00a0\u00bb]D\u00e9couvrez comment le service Private Label (MDD) de Technobrush peut transformer votre vision en r\u00e9alit\u00e9. Nous proposons des solutions personnalis\u00e9es pour cr\u00e9er des goupillons et des brosses techniques portant le nom de votre marque, en garantissant la qualit\u00e9 et la pr\u00e9cision dans les moindres d\u00e9tails.[\/vc_column_text][vc_single_image image=\u00a0\u00bb371&Prime; img_size=\u00a0\u00bbfull\u00a0\u00bb][\/vc_column_inner][\/vc_row_inner][vc_empty_space height=\u00a0\u00bb7vw\u00a0\u00bb el_class=\u00a0\u00bbolive-bg\u00a0\u00bb][vc_empty_space height=\u00a0\u00bb6vw\u00a0\u00bb el_class=\u00a0\u00bbchoko-bg\u00a0\u00bb][vc_row_inner equal_height=\u00a0\u00bbyes\u00a0\u00bb content_placement=\u00a0\u00bbmiddle\u00a0\u00bb carosello=\u00a0\u00bb0&Prime; el_class=\u00a0\u00bbchoko-bg need-pad\u00a0\u00bb][vc_column_inner width=\u00a0\u00bb1\/2&Prime;][vc_empty_space height=\u00a0\u00bb64px\u00a0\u00bb el_class=\u00a0\u00bbhide-desktop\u00a0\u00bb][vc_custom_heading text=\u00a0\u00bbUne collaboration r\u00e9ussie : La confiance des leaders de l&rsquo;industrie\u00a0\u00bb font_container=\u00a0\u00bbtag:h1|text_align:left\u00a0\u00bb use_theme_fonts=\u00a0\u00bbyes\u00a0\u00bb el_class=\u00a0\u00bbnugat inter-tight-regular mb-3 more-bigga\u00a0\u00bb][vc_column_text custom_text_color=\u00a0\u00bbnugat\u00a0\u00bb el_class=\u00a0\u00bbbiggo light\u00a0\u00bb]Technobrush est d\u00e9j\u00e0 partenaire de nombreuses marques prestigieuses en Italie et en Europe. Notre exp\u00e9rience et notre expertise nous permettent de fournir des solutions de haute qualit\u00e9 qui r\u00e9pondent aux besoins sp\u00e9cifiques des marques les plus exigeantes, contribuant ainsi \u00e0 leur succ\u00e8s sur le march\u00e9.[\/vc_column_text][\/vc_column_inner][vc_column_inner width=\u00a0\u00bb1\/2&Prime;][vc_single_image image=\u00a0\u00bb380&Prime; img_size=\u00a0\u00bbfull\u00a0\u00bb el_class=\u00a0\u00bbm-0 py-5 px-5&Prime;][\/vc_column_inner][\/vc_row_inner][vc_empty_space height=\u00a0\u00bb6vw\u00a0\u00bb el_class=\u00a0\u00bbchoko-bg\u00a0\u00bb][vc_empty_space height=\u00a0\u00bb7vw\u00a0\u00bb el_class=\u00a0\u00bbnugat-bg\u00a0\u00bb][vc_row_inner carosello=\u00a0\u00bb0&Prime; el_class=\u00a0\u00bbnugat-bg need-pad\u00a0\u00bb][vc_column_inner][vc_empty_space height=\u00a0\u00bb64px\u00a0\u00bb el_class=\u00a0\u00bbhide-desktop\u00a0\u00bb][vc_custom_heading text=\u00a0\u00bbUn processus collaboratif et personnalis\u00e9<br \/>\nDu projet au produit final : un parcours sur mesure\u00a0\u00bb font_container=\u00a0\u00bbtag:h1|text_align:left\u00a0\u00bb use_theme_fonts=\u00a0\u00bbyes\u00a0\u00bb el_class=\u00a0\u00bbchoko inter-tight-regular mb-3 more-bigga\u00a0\u00bb][vc_column_text custom_text_color=\u00a0\u00bbchoko\u00a0\u00bb el_class=\u00a0\u00bbbiggo light\u00a0\u00bb]Notre processus de travail consiste \u00e0 soutenir l&rsquo;entreprise cliente \u00e0 chaque \u00e9tape. Du design initial et de la conception d&rsquo;\u00e9chantillons \u00e0 la production dans le respect des d\u00e9lais et du budget, Technobrush garantit un service complet et personnalis\u00e9. Chaque projet est unique et g\u00e9r\u00e9 avec le plus grand soin et la plus grande attention aux d\u00e9tails.[\/vc_column_text][vc_empty_space][\/vc_column_inner][\/vc_row_inner][vc_empty_space height=\u00a0\u00bb7vw\u00a0\u00bb el_class=\u00a0\u00bbnugat-bg\u00a0\u00bb][\/vc_column][\/vc_row][\/vc_section][vc_section full_width=\u00a0\u00bbstretch_row\u00a0\u00bb ridotta=\u00a0\u00bb0&Prime; carosello=\u00a0\u00bb0&Prime;][vc_row full_width=\u00a0\u00bbstretch_row_content_no_spaces\u00a0\u00bb carosello=\u00a0\u00bb0&Prime;][vc_column][vc_empty_space height=\u00a0\u00bb7vw\u00a0\u00bb el_class=\u00a0\u00bbchoko-bg\u00a0\u00bb][vc_row_inner carosello=\u00a0\u00bb0&Prime; el_class=\u00a0\u00bbchoko-bg need-pad\u00a0\u00bb][vc_column_inner][vc_empty_space height=\u00a0\u00bb64px\u00a0\u00bb el_class=\u00a0\u00bbhide-desktop\u00a0\u00bb][vc_custom_heading text=\u00a0\u00bbContactez-nous<br \/>\nCommencez votre collaboration avec Technobrush \u00a0\u00bb font_container=\u00a0\u00bbtag:h3|text_align:left\u00a0\u00bb use_theme_fonts=\u00a0\u00bbyes\u00a0\u00bb el_class=\u00a0\u00bbnugat inter-tight-regular mb-3 more-bigga\u00a0\u00bb][vc_column_text custom_text_color=\u00a0\u00bbnugat\u00a0\u00bb el_class=\u00a0\u00bbbiggo light\u00a0\u00bb]Nous sommes pr\u00eats \u00e0 vous soutenir dans la r\u00e9alisation de vos produits personnalis\u00e9s. Contactez-nous d\u00e8s aujourd&rsquo;hui pour d\u00e9couvrir comment notre service Private Label (MDD) peut devenir la valeur ajout\u00e9e de votre marque.[\/vc_column_text][vc_btn title=\u00a0\u00bbContactez-nous d\u00e8s aujourd&rsquo;hui\u00a0\u00bb style=\u00a0\u00bbcustom\u00a0\u00bb custom_background=\u00a0\u00bb#ccb89d\u00a0\u00bb custom_text=\u00a0\u00bb#6e4e36&Prime; shape=\u00a0\u00bbround\u00a0\u00bb size=\u00a0\u00bblg\u00a0\u00bb align=\u00a0\u00bbleft\u00a0\u00bb link=\u00a0\u00bburl:%23contattaci|\u00a0\u00bb el_class=\u00a0\u00bbbiggy button-nugat\u00a0\u00bb][\/vc_column_inner][\/vc_row_inner][vc_empty_space height=\u00a0\u00bb7vw\u00a0\u00bb el_class=\u00a0\u00bbchoko-bg\u00a0\u00bb][vc_empty_space height=\u00a0\u00bb7vw\u00a0\u00bb el_class=\u00a0\u00bbcoffee-bg\u00a0\u00bb][vc_row_inner carosello=\u00a0\u00bb0&Prime; el_class=\u00a0\u00bbcoffee-bg need-pad\u00a0\u00bb el_id=\u00a0\u00bbcontattaci\u00a0\u00bb][vc_column_inner width=\u00a0\u00bb4\/5&Prime;][vc_column_text custom_text_color=\u00a0\u00bbnugat\u00a0\u00bb el_class=\u00a0\u00bbbiggo mb-2&Prime;]Contactez-nous[\/vc_column_text][vc_column_text custom_text_color=\u00a0\u00bbnugat\u00a0\u00bb el_class=\u00a0\u00bbbiggy\u00a0\u00bb]Vous avez des questions ou souhaitez en savoir plus sur nos produits ? Remplissez le formulaire ci-dessous et notre \u00e9quipe vous r\u00e9pondra dans les plus brefs d\u00e9lais.[\/vc_column_text][vc_empty_space]\n<div class=\"wpcf7 no-js\" id=\"wpcf7-f745-o1\" lang=\"fr-FR\" dir=\"ltr\" data-wpcf7-id=\"745\">\n<div class=\"screen-reader-response\"><p role=\"status\" aria-live=\"polite\" aria-atomic=\"true\"><\/p> <ul><\/ul><\/div>\n<form action=\"\/fr\/wp-json\/wp\/v2\/pages\/602#wpcf7-f745-o1\" method=\"post\" class=\"wpcf7-form init\" aria-label=\"Formulaire de contact\" novalidate=\"novalidate\" data-status=\"init\">\n<fieldset class=\"hidden-fields-container\"><input type=\"hidden\" name=\"_wpcf7\" value=\"745\" \/><input type=\"hidden\" name=\"_wpcf7_version\" value=\"6.1.6\" \/><input type=\"hidden\" name=\"_wpcf7_locale\" value=\"fr_FR\" \/><input type=\"hidden\" name=\"_wpcf7_unit_tag\" value=\"wpcf7-f745-o1\" \/><input type=\"hidden\" name=\"_wpcf7_container_post\" value=\"0\" \/><input type=\"hidden\" name=\"_wpcf7_posted_data_hash\" value=\"\" \/><input type=\"hidden\" name=\"_wpcf7_recaptcha_response\" value=\"\" \/>\n<\/fieldset>\n<div class=\"row\">\n\t<div class=\"col-12\">\n\t\t<div class=\"col-md-6\">\n\t\t\t<p><label><span class=\"mb-2\">nom *<\/span><br \/>\n<span class=\"wpcf7-form-control-wrap\" data-name=\"nome\"><input size=\"40\" maxlength=\"400\" class=\"wpcf7-form-control wpcf7-text wpcf7-validates-as-required\" aria-required=\"true\" aria-invalid=\"false\" value=\"\" type=\"text\" name=\"nome\" \/><\/span> <\/label>\n\t\t\t<\/p>\n\t\t<\/div>\n\t\t<div class=\"col-md-6\">\n\t\t\t<p><label><span class=\"mb-2\">nom de famille *<\/span><br \/>\n<span class=\"wpcf7-form-control-wrap\" data-name=\"cognome\"><input size=\"40\" maxlength=\"400\" class=\"wpcf7-form-control wpcf7-text wpcf7-validates-as-required\" aria-required=\"true\" aria-invalid=\"false\" value=\"\" type=\"text\" name=\"cognome\" \/><\/span> <\/label>\n\t\t\t<\/p>\n\t\t<\/div>\n\t<\/div>\n\t<div class=\"col-12\">\n\t\t<div class=\"col-md-6\">\n\t\t\t<p><label><span class=\"mb-2\">email *<\/span><br \/>\n<span class=\"wpcf7-form-control-wrap\" data-name=\"email-request\"><input size=\"40\" maxlength=\"400\" class=\"wpcf7-form-control wpcf7-email wpcf7-validates-as-required wpcf7-text wpcf7-validates-as-email\" autocomplete=\"email\" aria-required=\"true\" aria-invalid=\"false\" value=\"\" type=\"email\" name=\"email-request\" \/><\/span> <\/label>\n\t\t\t<\/p>\n\t\t<\/div>\n\t\t<div class=\"col-md-6\">\n\t\t\t<p><label><span class=\"mb-2\">t\u00e9l\u00e9phone<\/span><br \/>\n<span class=\"wpcf7-form-control-wrap\" data-name=\"telefono\"><input size=\"40\" maxlength=\"400\" class=\"wpcf7-form-control wpcf7-tel wpcf7-text wpcf7-validates-as-tel\" autocomplete=\"email\" aria-invalid=\"false\" value=\"\" type=\"tel\" name=\"telefono\" \/><\/span> <\/label>\n\t\t\t<\/p>\n\t\t<\/div>\n\t<\/div>\n\t<div class=\"col-12\">\n\t\t<div class=\"col-md-6\">\n\t\t\t<p><label><span class=\"mb-2\">entreprise<\/span><br \/>\n<span class=\"wpcf7-form-control-wrap\" data-name=\"azienda\"><input size=\"40\" maxlength=\"400\" class=\"wpcf7-form-control wpcf7-text\" aria-invalid=\"false\" value=\"\" type=\"text\" name=\"azienda\" \/><\/span> <\/label>\n\t\t\t<\/p>\n\t\t<\/div>\n\t\t<div class=\"col-12 col-md-6\">\n\t\t\t<p><label><span class=\"mb-2\">Num\u00e9ro de TVA \/ code fiscal<\/span><br \/>\n<span class=\"wpcf7-form-control-wrap\" data-name=\"piva\"><input size=\"40\" maxlength=\"400\" class=\"wpcf7-form-control wpcf7-text\" aria-invalid=\"false\" value=\"\" type=\"text\" name=\"piva\" \/><\/span> <\/label>\n\t\t\t<\/p>\n\t\t<\/div>\n\t<\/div>\n\t<div class=\"col-12\">\n\t\t<p><label><span class=\"mb-2\">message *<\/span><br \/>\n<span class=\"wpcf7-form-control-wrap\" data-name=\"note\"><textarea cols=\"40\" rows=\"10\" maxlength=\"2000\" class=\"wpcf7-form-control wpcf7-textarea wpcf7-validates-as-required\" aria-required=\"true\" aria-invalid=\"false\" name=\"note\"><\/textarea><\/span> <\/label>\n\t\t<\/p>\n\t<\/div>\n\t<div class=\"col-12 p-0 acceptance\">\n\t\t<p><span class=\"wpcf7-form-control-wrap\" data-name=\"acceptance-495\"><span class=\"wpcf7-form-control wpcf7-acceptance\"><span class=\"wpcf7-list-item\"><label><input type=\"checkbox\" name=\"acceptance-495\" value=\"1\" aria-invalid=\"false\" \/><span class=\"wpcf7-list-item-label\"><span style=\"color:#EDE1D1;\">J'ai lu et j'accepte la <a style=\"color:#EDE1D1;\" href=\"https:\/\/www.piacentina.it\/privacy-cookie-policy\/\">politique de confidentialit\u00e9<\/a><\/span><\/label><\/span><\/span><\/span>\n\t\t<\/p>\n\t<\/div>\n\t<div class=\"col-12 ps-3\">\n\t\t<p><input class=\"wpcf7-form-control wpcf7-submit has-spinner\" type=\"submit\" value=\"envoyer\" \/>\n\t\t<\/p>\n\t<\/div>\n<\/div><div class=\"wpcf7-response-output\" aria-hidden=\"true\"><\/div>\n<\/form>\n<\/div>\n[\/vc_column_inner][vc_column_inner width=\u00a0\u00bb1\/5&Prime;][\/vc_column_inner][\/vc_row_inner][vc_empty_space height=\u00a0\u00bb7vw\u00a0\u00bb el_class=\u00a0\u00bbcoffee-bg\u00a0\u00bb][\/vc_column][\/vc_row][\/vc_section]<\/p>\n<\/div>","protected":false},"excerpt":{"rendered":"[vc_section full_width=\"stretch_row\" ridotta=\"0\" carosello=\"0\"][vc_row full_width=\"stretch_row_content_no_spaces\" carosello=\"0\"][vc_column][vc_empty_space height=\"10vw\" el_class=\"olive-bg\"][vc_row_inner carosello=\"0\" el_class=\"olive-bg need-pad\"][vc_column_inner][vc_empty_space height=\"64px\" el_class=\"hide-desktop\"][vc_custom_heading text=\"Votre marque, notre qualit\u00e9\" font_container=\"tag:h1|text_align:left\" use_theme_fonts=\"yes\" el_class=\"nugat inter-tight-regular mb-3 more-bigga\"][vc_column_text custom_text_color=\"nugat\" el_class=\"biggo light\"]D\u00e9couvrez comment le service Private Label (MDD) de Technobrush peut transformer votre vision en r\u00e9alit\u00e9. Nous proposons des solutions personnalis\u00e9es pour cr\u00e9er des goupillons et des brosses techniques portant le","protected":false},"author":7,"featured_media":0,"parent":0,"menu_order":0,"comment_status":"closed","ping_status":"closed","template":"","meta":{"_acf_changed":false,"footnotes":""},"class_list":["post-602","page","type-page","status-publish","hentry"],"acf":[],"yoast_head":"<!-- This site is optimized with the Yoast SEO plugin v27.6 - https:\/\/yoast.com\/product\/yoast-seo-wordpress\/ -->\n<title>Marque Blanche : Vos Brosses Techniques Personnalis\u00e9es par Technobrush<\/title>\n<meta name=\"description\" content=\"Offrez des brosses techniques sous votre propre marque gr\u00e2ce au service de marque blanche Technobrush. Haute qualit\u00e9 et solutions personnalis\u00e9es garanties.\" \/>\n<meta name=\"robots\" content=\"index, follow, max-snippet:-1, max-image-preview:large, max-video-preview:-1\" \/>\n<link rel=\"canonical\" href=\"https:\/\/www.piacentinatechnobrush.it\/fr\/private-label-mdd\/\" \/>\n<meta property=\"og:locale\" content=\"fr_FR\" \/>\n<meta property=\"og:type\" content=\"article\" \/>\n<meta property=\"og:title\" content=\"Marque Blanche : Vos Brosses Techniques Personnalis\u00e9es par Technobrush\" \/>\n<meta property=\"og:description\" content=\"Offrez des brosses techniques sous votre propre marque gr\u00e2ce au service de marque blanche Technobrush. Haute qualit\u00e9 et solutions personnalis\u00e9es garanties.\" \/>\n<meta property=\"og:url\" content=\"https:\/\/www.piacentinatechnobrush.it\/fr\/private-label-mdd\/\" \/>\n<meta property=\"og:site_name\" content=\"La Piacentina Technobrush\" \/>\n<meta property=\"article:modified_time\" content=\"2024-12-03T13:59:52+00:00\" \/>\n<meta property=\"og:image\" content=\"https:\/\/www.piacentinatechnobrush.it\/wp-content\/uploads\/2025\/08\/og_lapiacentina_technobrush.png\" \/>\n\t<meta property=\"og:image:width\" content=\"1200\" \/>\n\t<meta property=\"og:image:height\" content=\"675\" \/>\n\t<meta property=\"og:image:type\" content=\"image\/png\" \/>\n<meta name=\"twitter:card\" content=\"summary_large_image\" \/>\n<meta name=\"twitter:label1\" content=\"Dur\u00e9e de lecture estim\u00e9e\" \/>\n\t<meta name=\"twitter:data1\" content=\"2 minutes\" \/>\n<script type=\"application\/ld+json\" class=\"yoast-schema-graph\">{\"@context\":\"https:\\\/\\\/schema.org\",\"@graph\":[{\"@type\":\"WebPage\",\"@id\":\"https:\\\/\\\/www.piacentinatechnobrush.it\\\/fr\\\/private-label-mdd\\\/\",\"url\":\"https:\\\/\\\/www.piacentinatechnobrush.it\\\/fr\\\/private-label-mdd\\\/\",\"name\":\"Marque Blanche : Vos Brosses Techniques Personnalis\u00e9es par Technobrush\",\"isPartOf\":{\"@id\":\"https:\\\/\\\/www.piacentinatechnobrush.it\\\/#website\"},\"datePublished\":\"2024-07-30T08:20:19+00:00\",\"dateModified\":\"2024-12-03T13:59:52+00:00\",\"description\":\"Offrez des brosses techniques sous votre propre marque gr\u00e2ce au service de marque blanche Technobrush. Haute qualit\u00e9 et solutions personnalis\u00e9es garanties.\",\"breadcrumb\":{\"@id\":\"https:\\\/\\\/www.piacentinatechnobrush.it\\\/fr\\\/private-label-mdd\\\/#breadcrumb\"},\"inLanguage\":\"fr-FR\",\"potentialAction\":[{\"@type\":\"ReadAction\",\"target\":[\"https:\\\/\\\/www.piacentinatechnobrush.it\\\/fr\\\/private-label-mdd\\\/\"]}]},{\"@type\":\"BreadcrumbList\",\"@id\":\"https:\\\/\\\/www.piacentinatechnobrush.it\\\/fr\\\/private-label-mdd\\\/#breadcrumb\",\"itemListElement\":[{\"@type\":\"ListItem\",\"position\":1,\"name\":\"Home\",\"item\":\"https:\\\/\\\/www.piacentinatechnobrush.it\\\/fr\\\/\"},{\"@type\":\"ListItem\",\"position\":2,\"name\":\"Private Label (MDD)\"}]},{\"@type\":\"WebSite\",\"@id\":\"https:\\\/\\\/www.piacentinatechnobrush.it\\\/#website\",\"url\":\"https:\\\/\\\/www.piacentinatechnobrush.it\\\/\",\"name\":\"Technobrush - La Piacentina S.p.A.\",\"description\":\"\",\"publisher\":{\"@id\":\"https:\\\/\\\/www.piacentinatechnobrush.it\\\/#organization\"},\"potentialAction\":[{\"@type\":\"SearchAction\",\"target\":{\"@type\":\"EntryPoint\",\"urlTemplate\":\"https:\\\/\\\/www.piacentinatechnobrush.it\\\/?s={search_term_string}\"},\"query-input\":{\"@type\":\"PropertyValueSpecification\",\"valueRequired\":true,\"valueName\":\"search_term_string\"}}],\"inLanguage\":\"fr-FR\"},{\"@type\":\"Organization\",\"@id\":\"https:\\\/\\\/www.piacentinatechnobrush.it\\\/#organization\",\"name\":\"Technobrush di La Piacentina S.p.A.\",\"url\":\"https:\\\/\\\/www.piacentinatechnobrush.it\\\/\",\"logo\":{\"@type\":\"ImageObject\",\"inLanguage\":\"fr-FR\",\"@id\":\"https:\\\/\\\/www.piacentinatechnobrush.it\\\/#\\\/schema\\\/logo\\\/image\\\/\",\"url\":\"https:\\\/\\\/www.piacentinatechnobrush.it\\\/wp-content\\\/uploads\\\/2024\\\/01\\\/logo_la_piacentina_technobrush.png\",\"contentUrl\":\"https:\\\/\\\/www.piacentinatechnobrush.it\\\/wp-content\\\/uploads\\\/2024\\\/01\\\/logo_la_piacentina_technobrush.png\",\"width\":600,\"height\":120,\"caption\":\"Technobrush di La Piacentina S.p.A.\"},\"image\":{\"@id\":\"https:\\\/\\\/www.piacentinatechnobrush.it\\\/#\\\/schema\\\/logo\\\/image\\\/\"}}]}<\/script>\n<!-- \/ Yoast SEO plugin. -->","yoast_head_json":{"title":"Marque Blanche : Vos Brosses Techniques Personnalis\u00e9es par Technobrush","description":"Offrez des brosses techniques sous votre propre marque gr\u00e2ce au service de marque blanche Technobrush. Haute qualit\u00e9 et solutions personnalis\u00e9es garanties.","robots":{"index":"index","follow":"follow","max-snippet":"max-snippet:-1","max-image-preview":"max-image-preview:large","max-video-preview":"max-video-preview:-1"},"canonical":"https:\/\/www.piacentinatechnobrush.it\/fr\/private-label-mdd\/","og_locale":"fr_FR","og_type":"article","og_title":"Marque Blanche : Vos Brosses Techniques Personnalis\u00e9es par Technobrush","og_description":"Offrez des brosses techniques sous votre propre marque gr\u00e2ce au service de marque blanche Technobrush. Haute qualit\u00e9 et solutions personnalis\u00e9es garanties.","og_url":"https:\/\/www.piacentinatechnobrush.it\/fr\/private-label-mdd\/","og_site_name":"La Piacentina Technobrush","article_modified_time":"2024-12-03T13:59:52+00:00","og_image":[{"width":1200,"height":675,"url":"https:\/\/www.piacentinatechnobrush.it\/wp-content\/uploads\/2025\/08\/og_lapiacentina_technobrush.png","type":"image\/png"}],"twitter_card":"summary_large_image","twitter_misc":{"Dur\u00e9e de lecture estim\u00e9e":"2 minutes"},"schema":{"@context":"https:\/\/schema.org","@graph":[{"@type":"WebPage","@id":"https:\/\/www.piacentinatechnobrush.it\/fr\/private-label-mdd\/","url":"https:\/\/www.piacentinatechnobrush.it\/fr\/private-label-mdd\/","name":"Marque Blanche : Vos Brosses Techniques Personnalis\u00e9es par Technobrush","isPartOf":{"@id":"https:\/\/www.piacentinatechnobrush.it\/#website"},"datePublished":"2024-07-30T08:20:19+00:00","dateModified":"2024-12-03T13:59:52+00:00","description":"Offrez des brosses techniques sous votre propre marque gr\u00e2ce au service de marque blanche Technobrush. Haute qualit\u00e9 et solutions personnalis\u00e9es garanties.","breadcrumb":{"@id":"https:\/\/www.piacentinatechnobrush.it\/fr\/private-label-mdd\/#breadcrumb"},"inLanguage":"fr-FR","potentialAction":[{"@type":"ReadAction","target":["https:\/\/www.piacentinatechnobrush.it\/fr\/private-label-mdd\/"]}]},{"@type":"BreadcrumbList","@id":"https:\/\/www.piacentinatechnobrush.it\/fr\/private-label-mdd\/#breadcrumb","itemListElement":[{"@type":"ListItem","position":1,"name":"Home","item":"https:\/\/www.piacentinatechnobrush.it\/fr\/"},{"@type":"ListItem","position":2,"name":"Private Label (MDD)"}]},{"@type":"WebSite","@id":"https:\/\/www.piacentinatechnobrush.it\/#website","url":"https:\/\/www.piacentinatechnobrush.it\/","name":"Technobrush - La Piacentina S.p.A.","description":"","publisher":{"@id":"https:\/\/www.piacentinatechnobrush.it\/#organization"},"potentialAction":[{"@type":"SearchAction","target":{"@type":"EntryPoint","urlTemplate":"https:\/\/www.piacentinatechnobrush.it\/?s={search_term_string}"},"query-input":{"@type":"PropertyValueSpecification","valueRequired":true,"valueName":"search_term_string"}}],"inLanguage":"fr-FR"},{"@type":"Organization","@id":"https:\/\/www.piacentinatechnobrush.it\/#organization","name":"Technobrush di La Piacentina S.p.A.","url":"https:\/\/www.piacentinatechnobrush.it\/","logo":{"@type":"ImageObject","inLanguage":"fr-FR","@id":"https:\/\/www.piacentinatechnobrush.it\/#\/schema\/logo\/image\/","url":"https:\/\/www.piacentinatechnobrush.it\/wp-content\/uploads\/2024\/01\/logo_la_piacentina_technobrush.png","contentUrl":"https:\/\/www.piacentinatechnobrush.it\/wp-content\/uploads\/2024\/01\/logo_la_piacentina_technobrush.png","width":600,"height":120,"caption":"Technobrush di La Piacentina S.p.A."},"image":{"@id":"https:\/\/www.piacentinatechnobrush.it\/#\/schema\/logo\/image\/"}}]}},"_links":{"self":[{"href":"https:\/\/www.piacentinatechnobrush.it\/fr\/wp-json\/wp\/v2\/pages\/602","targetHints":{"allow":["GET"]}}],"collection":[{"href":"https:\/\/www.piacentinatechnobrush.it\/fr\/wp-json\/wp\/v2\/pages"}],"about":[{"href":"https:\/\/www.piacentinatechnobrush.it\/fr\/wp-json\/wp\/v2\/types\/page"}],"author":[{"embeddable":true,"href":"https:\/\/www.piacentinatechnobrush.it\/fr\/wp-json\/wp\/v2\/users\/7"}],"replies":[{"embeddable":true,"href":"https:\/\/www.piacentinatechnobrush.it\/fr\/wp-json\/wp\/v2\/comments?post=602"}],"version-history":[{"count":0,"href":"https:\/\/www.piacentinatechnobrush.it\/fr\/wp-json\/wp\/v2\/pages\/602\/revisions"}],"wp:attachment":[{"href":"https:\/\/www.piacentinatechnobrush.it\/fr\/wp-json\/wp\/v2\/media?parent=602"}],"curies":[{"name":"wp","href":"https:\/\/api.w.org\/{rel}","templated":true}]}}