{"id":596,"date":"2024-07-03T13:15:20","date_gmt":"2024-07-03T11:15:20","guid":{"rendered":"https:\/\/www.piacentinatechnobrush.it\/accueil\/"},"modified":"2024-12-10T17:16:22","modified_gmt":"2024-12-10T16:16:22","slug":"accueil","status":"publish","type":"page","link":"https:\/\/www.piacentinatechnobrush.it\/fr\/","title":{"rendered":"Accueil"},"content":{"rendered":"<div class=\"wpb-content-wrapper\"><p>[vc_section full_width=\u00a0\u00bbstretch_row\u00a0\u00bb ridotta=\u00a0\u00bb0&Prime; carosello=\u00a0\u00bb0&Prime;][vc_row full_width=\u00a0\u00bbstretch_row_content_no_spaces\u00a0\u00bb carosello=\u00a0\u00bb0&Prime;][vc_column][vc_empty_space height=\u00a0\u00bb10vw\u00a0\u00bb el_class=\u00a0\u00bbolive-bg\u00a0\u00bb][vc_empty_space height=\u00a0\u00bb10px\u00a0\u00bb el_class=\u00a0\u00bbspazzola1 olive-bg\u00a0\u00bb][vc_row_inner carosello=\u00a0\u00bb0&Prime; el_class=\u00a0\u00bbolive-bg need-pad hide-mobile\u00a0\u00bb][vc_column_inner width=\u00a0\u00bb1\/2&Prime;][vc_custom_heading text=\u00a0\u00bbGoupillons pour usages industriel et professionnel \u00e0 haute performance\u00a0\u00bb font_container=\u00a0\u00bbtag:h1|text_align:left\u00a0\u00bb use_theme_fonts=\u00a0\u00bbyes\u00a0\u00bb el_class=\u00a0\u00bbnugat inter-tight-regular mb-3 more-bigga\u00a0\u00bb][vc_column_text custom_text_color=\u00a0\u00bbnugat\u00a0\u00bb el_class=\u00a0\u00bbbiggo light\u00a0\u00bb]Technobrush est l&rsquo;excellence italienne dans la production de goupillons et brosses techniques pour l&rsquo;industrie et le march\u00e9 de masse.[\/vc_column_text][vc_btn title=\u00a0\u00bbD\u00e9couvrez les produits\u00a0\u00bb style=\u00a0\u00bbcustom\u00a0\u00bb custom_background=\u00a0\u00bb#ccb89d\u00a0\u00bb custom_text=\u00a0\u00bb#57603d\u00a0\u00bb shape=\u00a0\u00bbround\u00a0\u00bb size=\u00a0\u00bblg\u00a0\u00bb align=\u00a0\u00bbleft\u00a0\u00bb link=\u00a0\u00bburl:https%3A%2F%2Fwww.piacentinatechnobrush.it%2Ffr%2Fproduits-et-applications%2F|title:Applications|\u00a0\u00bb el_class=\u00a0\u00bbbiggy button-nugat\u00a0\u00bb][\/vc_column_inner][vc_column_inner width=\u00a0\u00bb1\/2&Prime;][\/vc_column_inner][\/vc_row_inner][vc_row_inner carosello=\u00a0\u00bb0&Prime; el_class=\u00a0\u00bbolive-bg need-pad hide-desktop\u00a0\u00bb][vc_column_inner width=\u00a0\u00bb1\/2&Prime;][vc_empty_space height=\u00a0\u00bb64px\u00a0\u00bb el_class=\u00a0\u00bbhide-desktop\u00a0\u00bb][vc_custom_heading text=\u00a0\u00bbGoupillons pour usages industriel et professionnel \u00e0 haute performance\u00a0\u00bb font_container=\u00a0\u00bbtag:h1|text_align:left\u00a0\u00bb use_theme_fonts=\u00a0\u00bbyes\u00a0\u00bb el_class=\u00a0\u00bbnugat inter-tight-regular mb-3 more-bigga\u00a0\u00bb][vc_column_text custom_text_color=\u00a0\u00bbnugat\u00a0\u00bb el_class=\u00a0\u00bbbiggo light\u00a0\u00bb]Technobrush est l&rsquo;excellence italienne dans la production de goupillons et brosses techniques pour l&rsquo;industrie et le march\u00e9 de masse.[\/vc_column_text][vc_btn title=\u00a0\u00bbD\u00e9couvrez les produits\u00a0\u00bb style=\u00a0\u00bbcustom\u00a0\u00bb custom_background=\u00a0\u00bb#ccb89d\u00a0\u00bb custom_text=\u00a0\u00bb#57603d\u00a0\u00bb shape=\u00a0\u00bbround\u00a0\u00bb size=\u00a0\u00bblg\u00a0\u00bb align=\u00a0\u00bbleft\u00a0\u00bb link=\u00a0\u00bburl:https%3A%2F%2Fwww.piacentinatechnobrush.it%2Ffr%2Fproduits-et-applications%2F|title:Applications|\u00a0\u00bb el_class=\u00a0\u00bbbiggy button-nugat\u00a0\u00bb][\/vc_column_inner][vc_column_inner width=\u00a0\u00bb1\/2&Prime;][\/vc_column_inner][\/vc_row_inner][vc_empty_space height=\u00a0\u00bb7vw\u00a0\u00bb el_class=\u00a0\u00bbolive-bg\u00a0\u00bb][vc_empty_space height=\u00a0\u00bb7vw\u00a0\u00bb el_class=\u00a0\u00bbchoko-bg\u00a0\u00bb][vc_empty_space height=\u00a0\u00bb10px\u00a0\u00bb el_class=\u00a0\u00bbspazzola2 choko-bg spazzola2_v2&Prime;][vc_row_inner carosello=\u00a0\u00bb0&Prime; el_class=\u00a0\u00bbchoko-bg need-pad\u00a0\u00bb][vc_column_inner width=\u00a0\u00bb1\/2&Prime;][\/vc_column_inner][vc_column_inner width=\u00a0\u00bb1\/2&Prime;][vc_empty_space height=\u00a0\u00bb64px\u00a0\u00bb el_class=\u00a0\u00bbhide-desktop\u00a0\u00bb][vc_custom_heading text=\u00a0\u00bbComp\u00e9tence<br \/>\net Technologie\u00a0\u00bb font_container=\u00a0\u00bbtag:h1|text_align:left\u00a0\u00bb use_theme_fonts=\u00a0\u00bbyes\u00a0\u00bb el_class=\u00a0\u00bbnugat inter-tight-regular mb-2 more-bigga\u00a0\u00bb][vc_column_text custom_text_color=\u00a0\u00bbnugat\u00a0\u00bb el_class=\u00a0\u00bbbiggo light\u00a0\u00bb]Technobrush, division de Piacentina SpA, est sp\u00e9cialis\u00e9e dans la production de goupillons pour le compte de tiers et en Private Label.[\/vc_column_text][vc_btn title=\u00a0\u00bbEn savoir plus sur nous\u00a0\u00bb style=\u00a0\u00bbcustom\u00a0\u00bb custom_background=\u00a0\u00bb#ccb89d\u00a0\u00bb custom_text=\u00a0\u00bb#6e4e36&Prime; shape=\u00a0\u00bbround\u00a0\u00bb size=\u00a0\u00bblg\u00a0\u00bb align=\u00a0\u00bbleft\u00a0\u00bb link=\u00a0\u00bburl:https%3A%2F%2Fwww.piacentinatechnobrush.it%2Ffr%2Fenterprise%2F|title:Enterprise|\u00a0\u00bb el_class=\u00a0\u00bbbiggy button-nugat\u00a0\u00bb][\/vc_column_inner][\/vc_row_inner][vc_empty_space height=\u00a0\u00bb7vw\u00a0\u00bb el_class=\u00a0\u00bbchoko-bg\u00a0\u00bb][vc_empty_space height=\u00a0\u00bb10vw\u00a0\u00bb el_class=\u00a0\u00bbnugat-bg\u00a0\u00bb][vc_row_inner carosello=\u00a0\u00bb0&Prime; el_class=\u00a0\u00bbnugat-bg need-pad\u00a0\u00bb][vc_column_inner][vc_empty_space height=\u00a0\u00bb64px\u00a0\u00bb el_class=\u00a0\u00bbhide-desktop\u00a0\u00bb][vc_custom_heading text=\u00a0\u00bbDes solutions pour tous les besoins\u00a0\u00bb font_container=\u00a0\u00bbtag:h1|text_align:left\u00a0\u00bb use_theme_fonts=\u00a0\u00bbyes\u00a0\u00bb el_class=\u00a0\u00bbchoko inter-tight-regular mb-2 more-bigga\u00a0\u00bb][vc_column_text custom_text_color=\u00a0\u00bbchoko\u00a0\u00bb el_class=\u00a0\u00bbbiggo light\u00a0\u00bb]Technobrush propose une gamme compl\u00e8te de goupillons con\u00e7us pour r\u00e9pondre aux besoins sp\u00e9cifiques des entreprises de diff\u00e9rents secteurs.[\/vc_column_text][vc_empty_space][vc_column_text custom_text_color=\u00a0\u00bbchoko\u00a0\u00bb el_class=\u00a0\u00bbbiggo light extra-lineh\u00a0\u00bb]<\/p>\n<ul>\n<li>domestique<\/li>\n<li>industriel<\/li>\n<li>industrie alimentaire<\/li>\n<li>\u0153nologie<\/li>\n<\/ul>\n<p>[\/vc_column_text][vc_empty_space][vc_btn title=\u00a0\u00bbExplorez tous les produits\u00a0\u00bb style=\u00a0\u00bbcustom\u00a0\u00bb custom_background=\u00a0\u00bb#6e4e36&Prime; custom_text=\u00a0\u00bb#e8d9c6&Prime; shape=\u00a0\u00bbround\u00a0\u00bb size=\u00a0\u00bblg\u00a0\u00bb align=\u00a0\u00bbleft\u00a0\u00bb el_class=\u00a0\u00bbbiggy button-choko\u00a0\u00bb link=\u00a0\u00bburl:https%3A%2F%2Fwww.piacentinatechnobrush.it%2Ffr%2Fproduits-et-applications%2F|title:Applications|\u00a0\u00bb][\/vc_column_inner][\/vc_row_inner][vc_empty_space height=\u00a0\u00bb10vw\u00a0\u00bb el_class=\u00a0\u00bbnugat-bg\u00a0\u00bb][\/vc_column][\/vc_row][\/vc_section][vc_section full_width=\u00a0\u00bbstretch_row\u00a0\u00bb ridotta=\u00a0\u00bb0&Prime; carosello=\u00a0\u00bb0&Prime;][vc_row full_width=\u00a0\u00bbstretch_row_content_no_spaces\u00a0\u00bb carosello=\u00a0\u00bb0&Prime;][vc_column][vc_empty_space height=\u00a0\u00bb7vw\u00a0\u00bb el_class=\u00a0\u00bbchoko-bg\u00a0\u00bb][vc_row_inner disable_element=\u00a0\u00bbyes\u00a0\u00bb carosello=\u00a0\u00bb0&Prime; el_class=\u00a0\u00bbchoko-bg need-pad\u00a0\u00bb][vc_column_inner width=\u00a0\u00bb4\/5&Prime;][vc_empty_space height=\u00a0\u00bb64px\u00a0\u00bb el_class=\u00a0\u00bbhide-desktop\u00a0\u00bb][vc_custom_heading text=\u00a0\u00bbVotre goupillon, votre signature\u00a0\u00bb font_container=\u00a0\u00bbtag:h3|text_align:left\u00a0\u00bb use_theme_fonts=\u00a0\u00bbyes\u00a0\u00bb el_class=\u00a0\u00bbnugat inter-tight-regular mb-2 more-bigga\u00a0\u00bb][vc_column_text custom_text_color=\u00a0\u00bbnugat\u00a0\u00bb el_class=\u00a0\u00bbbiggo light\u00a0\u00bb]Technobrush propose un configurateur innovant qui permet aux clients de personnaliser chaque aspect de leur goupillon. S\u00e9lectionnez les tailles, les mat\u00e9riaux et les caract\u00e9ristiques pour obtenir un produit qui correspond parfaitement \u00e0 vos exigences de production.[\/vc_column_text][vc_empty_space][vc_btn title=\u00a0\u00bbCr\u00e9ez votre propre goupillon\u00a0\u00bb style=\u00a0\u00bbcustom\u00a0\u00bb custom_background=\u00a0\u00bb#ccb89d\u00a0\u00bb custom_text=\u00a0\u00bb#6e4e36&Prime; shape=\u00a0\u00bbround\u00a0\u00bb size=\u00a0\u00bblg\u00a0\u00bb align=\u00a0\u00bbleft\u00a0\u00bb link=\u00a0\u00bburl:https%3A%2F%2Fwww.piacentinatechnobrush.it%2Fpersonalizza%2F|title:Personnaliser|\u00a0\u00bb el_class=\u00a0\u00bbbiggy button-nugat\u00a0\u00bb][\/vc_column_inner][vc_column_inner width=\u00a0\u00bb1\/5&Prime;][\/vc_column_inner][\/vc_row_inner][vc_row_inner equal_height=\u00a0\u00bbyes\u00a0\u00bb content_placement=\u00a0\u00bbbottom\u00a0\u00bb carosello=\u00a0\u00bb0&Prime; el_class=\u00a0\u00bbchoko-bg need-pad\u00a0\u00bb][vc_column_inner width=\u00a0\u00bb1\/3&Prime;][vc_single_image image=\u00a0\u00bb352&Prime; img_size=\u00a0\u00bbfull\u00a0\u00bb alignment=\u00a0\u00bbcenter\u00a0\u00bb][\/vc_column_inner][vc_column_inner width=\u00a0\u00bb1\/3&Prime;][vc_single_image image=\u00a0\u00bb353&Prime; img_size=\u00a0\u00bbfull\u00a0\u00bb alignment=\u00a0\u00bbcenter\u00a0\u00bb][\/vc_column_inner][vc_column_inner width=\u00a0\u00bb1\/3&Prime;][vc_single_image image=\u00a0\u00bb354&Prime; img_size=\u00a0\u00bbfull\u00a0\u00bb alignment=\u00a0\u00bbcenter\u00a0\u00bb][\/vc_column_inner][\/vc_row_inner][vc_empty_space height=\u00a0\u00bb7vw\u00a0\u00bb el_class=\u00a0\u00bbchoko-bg\u00a0\u00bb][vc_empty_space height=\u00a0\u00bb10vw\u00a0\u00bb el_class=\u00a0\u00bbolive-bg\u00a0\u00bb][vc_row_inner carosello=\u00a0\u00bb0&Prime; el_class=\u00a0\u00bbolive-bg need-pad\u00a0\u00bb][vc_column_inner width=\u00a0\u00bb4\/5&Prime;][vc_custom_heading text=\u00a0\u00bbGoupillons personnalis\u00e9s, succ\u00e8s assur\u00e9\u00a0\u00bb font_container=\u00a0\u00bbtag:h3|text_align:left\u00a0\u00bb use_theme_fonts=\u00a0\u00bbyes\u00a0\u00bb el_class=\u00a0\u00bbnugat inter-tight-regular mb-3 more-bigga\u00a0\u00bb][vc_column_text custom_text_color=\u00a0\u00bbnugat\u00a0\u00bb el_class=\u00a0\u00bbbiggo light\u00a0\u00bb]Nous offrons un service MDD [Private Label] complet permettant aux entreprises de personnaliser leurs goupillons sous leur propre marque. Gr\u00e2ce \u00e0 notre technologie de pointe et \u00e0 notre exp\u00e9rience, nous pouvons d\u00e9velopper des solutions qui r\u00e9pondent parfaitement \u00e0 vos besoins, tout en garantissant une qualit\u00e9 et une fiabilit\u00e9 optimales.[\/vc_column_text][vc_btn title=\u00a0\u00bbD\u00e9couvrez notre service Private Label\u00a0\u00bb style=\u00a0\u00bbcustom\u00a0\u00bb custom_background=\u00a0\u00bb#ccb89d\u00a0\u00bb custom_text=\u00a0\u00bb#57603d\u00a0\u00bb shape=\u00a0\u00bbround\u00a0\u00bb size=\u00a0\u00bblg\u00a0\u00bb align=\u00a0\u00bbleft\u00a0\u00bb link=\u00a0\u00bburl:https%3A%2F%2Fwww.piacentinatechnobrush.it%2Ffr%2Fprivate-label-mdd%2F|title:Personnaliser\u00a0\u00bb el_class=\u00a0\u00bbbiggy button-nugat\u00a0\u00bb][\/vc_column_inner][vc_column_inner width=\u00a0\u00bb1\/5&Prime;][\/vc_column_inner][\/vc_row_inner][vc_empty_space height=\u00a0\u00bb10px\u00a0\u00bb el_class=\u00a0\u00bbolive-bg spazzola3 spazzola3_v2&Prime;][vc_empty_space height=\u00a0\u00bb7vw\u00a0\u00bb el_class=\u00a0\u00bbolive-bg\u00a0\u00bb][vc_empty_space height=\u00a0\u00bb7vw\u00a0\u00bb el_class=\u00a0\u00bbcoffee-bg\u00a0\u00bb][vc_row_inner carosello=\u00a0\u00bb0&Prime; el_class=\u00a0\u00bbcoffee-bg need-pad\u00a0\u00bb el_id=\u00a0\u00bbcontattaci\u00a0\u00bb][vc_column_inner width=\u00a0\u00bb4\/5&Prime;][vc_column_text custom_text_color=\u00a0\u00bbnugat\u00a0\u00bb el_class=\u00a0\u00bbbiggo mb-2&Prime;]Contactez-nous[\/vc_column_text][vc_column_text custom_text_color=\u00a0\u00bbnugat\u00a0\u00bb el_class=\u00a0\u00bbbiggy\u00a0\u00bb]Vous avez des questions ou souhaitez en savoir plus sur nos produits ? Remplissez le formulaire ci-dessous et notre \u00e9quipe vous r\u00e9pondra dans les plus brefs d\u00e9lais.[\/vc_column_text][vc_empty_space]\n<div class=\"wpcf7 no-js\" id=\"wpcf7-f745-o1\" lang=\"fr-FR\" dir=\"ltr\" data-wpcf7-id=\"745\">\n<div class=\"screen-reader-response\"><p role=\"status\" aria-live=\"polite\" aria-atomic=\"true\"><\/p> <ul><\/ul><\/div>\n<form action=\"\/fr\/wp-json\/wp\/v2\/pages\/596#wpcf7-f745-o1\" method=\"post\" class=\"wpcf7-form init\" aria-label=\"Formulaire de contact\" novalidate=\"novalidate\" data-status=\"init\">\n<fieldset class=\"hidden-fields-container\"><input type=\"hidden\" name=\"_wpcf7\" value=\"745\" \/><input type=\"hidden\" name=\"_wpcf7_version\" value=\"6.1.6\" \/><input type=\"hidden\" name=\"_wpcf7_locale\" value=\"fr_FR\" \/><input type=\"hidden\" name=\"_wpcf7_unit_tag\" value=\"wpcf7-f745-o1\" \/><input type=\"hidden\" name=\"_wpcf7_container_post\" value=\"0\" \/><input type=\"hidden\" name=\"_wpcf7_posted_data_hash\" value=\"\" \/><input type=\"hidden\" name=\"_wpcf7_recaptcha_response\" value=\"\" \/>\n<\/fieldset>\n<div class=\"row\">\n\t<div class=\"col-12\">\n\t\t<div class=\"col-md-6\">\n\t\t\t<p><label><span class=\"mb-2\">nom *<\/span><br \/>\n<span class=\"wpcf7-form-control-wrap\" data-name=\"nome\"><input size=\"40\" maxlength=\"400\" class=\"wpcf7-form-control wpcf7-text wpcf7-validates-as-required\" aria-required=\"true\" aria-invalid=\"false\" value=\"\" type=\"text\" name=\"nome\" \/><\/span> <\/label>\n\t\t\t<\/p>\n\t\t<\/div>\n\t\t<div class=\"col-md-6\">\n\t\t\t<p><label><span class=\"mb-2\">nom de famille *<\/span><br \/>\n<span class=\"wpcf7-form-control-wrap\" data-name=\"cognome\"><input size=\"40\" maxlength=\"400\" class=\"wpcf7-form-control wpcf7-text wpcf7-validates-as-required\" aria-required=\"true\" aria-invalid=\"false\" value=\"\" type=\"text\" name=\"cognome\" \/><\/span> <\/label>\n\t\t\t<\/p>\n\t\t<\/div>\n\t<\/div>\n\t<div class=\"col-12\">\n\t\t<div class=\"col-md-6\">\n\t\t\t<p><label><span class=\"mb-2\">email *<\/span><br \/>\n<span class=\"wpcf7-form-control-wrap\" data-name=\"email-request\"><input size=\"40\" maxlength=\"400\" class=\"wpcf7-form-control wpcf7-email wpcf7-validates-as-required wpcf7-text wpcf7-validates-as-email\" autocomplete=\"email\" aria-required=\"true\" aria-invalid=\"false\" value=\"\" type=\"email\" name=\"email-request\" \/><\/span> <\/label>\n\t\t\t<\/p>\n\t\t<\/div>\n\t\t<div class=\"col-md-6\">\n\t\t\t<p><label><span class=\"mb-2\">t\u00e9l\u00e9phone<\/span><br \/>\n<span class=\"wpcf7-form-control-wrap\" data-name=\"telefono\"><input size=\"40\" maxlength=\"400\" class=\"wpcf7-form-control wpcf7-tel wpcf7-text wpcf7-validates-as-tel\" autocomplete=\"email\" aria-invalid=\"false\" value=\"\" type=\"tel\" name=\"telefono\" \/><\/span> <\/label>\n\t\t\t<\/p>\n\t\t<\/div>\n\t<\/div>\n\t<div class=\"col-12\">\n\t\t<div class=\"col-md-6\">\n\t\t\t<p><label><span class=\"mb-2\">entreprise<\/span><br \/>\n<span class=\"wpcf7-form-control-wrap\" data-name=\"azienda\"><input size=\"40\" maxlength=\"400\" class=\"wpcf7-form-control wpcf7-text\" aria-invalid=\"false\" value=\"\" type=\"text\" name=\"azienda\" \/><\/span> <\/label>\n\t\t\t<\/p>\n\t\t<\/div>\n\t\t<div class=\"col-12 col-md-6\">\n\t\t\t<p><label><span class=\"mb-2\">Num\u00e9ro de TVA \/ code fiscal<\/span><br \/>\n<span class=\"wpcf7-form-control-wrap\" data-name=\"piva\"><input size=\"40\" maxlength=\"400\" class=\"wpcf7-form-control wpcf7-text\" aria-invalid=\"false\" value=\"\" type=\"text\" name=\"piva\" \/><\/span> <\/label>\n\t\t\t<\/p>\n\t\t<\/div>\n\t<\/div>\n\t<div class=\"col-12\">\n\t\t<p><label><span class=\"mb-2\">message *<\/span><br \/>\n<span class=\"wpcf7-form-control-wrap\" data-name=\"note\"><textarea cols=\"40\" rows=\"10\" maxlength=\"2000\" class=\"wpcf7-form-control wpcf7-textarea wpcf7-validates-as-required\" aria-required=\"true\" aria-invalid=\"false\" name=\"note\"><\/textarea><\/span> <\/label>\n\t\t<\/p>\n\t<\/div>\n\t<div class=\"col-12 p-0 acceptance\">\n\t\t<p><span class=\"wpcf7-form-control-wrap\" data-name=\"acceptance-495\"><span class=\"wpcf7-form-control wpcf7-acceptance\"><span class=\"wpcf7-list-item\"><label><input type=\"checkbox\" name=\"acceptance-495\" value=\"1\" aria-invalid=\"false\" \/><span class=\"wpcf7-list-item-label\"><span style=\"color:#EDE1D1;\">J'ai lu et j'accepte la <a style=\"color:#EDE1D1;\" href=\"https:\/\/www.piacentina.it\/privacy-cookie-policy\/\">politique de confidentialit\u00e9<\/a><\/span><\/label><\/span><\/span><\/span>\n\t\t<\/p>\n\t<\/div>\n\t<div class=\"col-12 ps-3\">\n\t\t<p><input class=\"wpcf7-form-control wpcf7-submit has-spinner\" type=\"submit\" value=\"envoyer\" \/>\n\t\t<\/p>\n\t<\/div>\n<\/div><div class=\"wpcf7-response-output\" aria-hidden=\"true\"><\/div>\n<\/form>\n<\/div>\n[\/vc_column_inner][vc_column_inner width=\u00a0\u00bb1\/5&Prime;][\/vc_column_inner][\/vc_row_inner][vc_empty_space height=\u00a0\u00bb7vw\u00a0\u00bb el_class=\u00a0\u00bbcoffee-bg\u00a0\u00bb][\/vc_column][\/vc_row][\/vc_section]<\/p>\n<\/div>","protected":false},"excerpt":{"rendered":"[vc_section full_width=\"stretch_row\" ridotta=\"0\" carosello=\"0\"][vc_row full_width=\"stretch_row_content_no_spaces\" carosello=\"0\"][vc_column][vc_empty_space height=\"10vw\" el_class=\"olive-bg\"][vc_empty_space height=\"10px\" el_class=\"spazzola1 olive-bg\"][vc_row_inner carosello=\"0\" el_class=\"olive-bg need-pad hide-mobile\"][vc_column_inner width=\"1\/2\"][vc_custom_heading text=\"Goupillons pour usages industriel et professionnel \u00e0 haute performance\" font_container=\"tag:h1|text_align:left\" use_theme_fonts=\"yes\" el_class=\"nugat inter-tight-regular mb-3 more-bigga\"][vc_column_text custom_text_color=\"nugat\" el_class=\"biggo light\"]Technobrush est l'excellence italienne dans la production de goupillons et brosses techniques pour l'industrie et le march\u00e9 de masse.[\/vc_column_text][vc_btn title=\"D\u00e9couvrez les produits\"","protected":false},"author":7,"featured_media":0,"parent":0,"menu_order":0,"comment_status":"closed","ping_status":"closed","template":"","meta":{"_acf_changed":false,"footnotes":""},"class_list":["post-596","page","type-page","status-publish","hentry"],"acf":[],"yoast_head":"<!-- This site is optimized with the Yoast SEO plugin v27.6 - https:\/\/yoast.com\/product\/yoast-seo-wordpress\/ -->\n<title>Brosses Techniques pour l&#039;Industrie - Qualit\u00e9 Made in Italy | Technobrush<\/title>\n<meta name=\"description\" content=\"D\u00e9couvrez Technobrush, le leader italien des brosses techniques pour l&#039;industrie et le march\u00e9 domestique. Solutions personnalis\u00e9es, innovation et qualit\u00e9.\" \/>\n<meta name=\"robots\" content=\"index, follow, max-snippet:-1, max-image-preview:large, max-video-preview:-1\" \/>\n<link rel=\"canonical\" href=\"https:\/\/www.piacentinatechnobrush.it\/fr\/\" \/>\n<meta property=\"og:locale\" content=\"fr_FR\" \/>\n<meta property=\"og:type\" content=\"article\" \/>\n<meta property=\"og:title\" content=\"Brosses Techniques pour l&#039;Industrie - Qualit\u00e9 Made in Italy | Technobrush\" \/>\n<meta property=\"og:description\" content=\"D\u00e9couvrez Technobrush, le leader italien des brosses techniques pour l&#039;industrie et le march\u00e9 domestique. Solutions personnalis\u00e9es, innovation et qualit\u00e9.\" \/>\n<meta property=\"og:url\" content=\"https:\/\/www.piacentinatechnobrush.it\/fr\/\" \/>\n<meta property=\"og:site_name\" content=\"La Piacentina Technobrush\" \/>\n<meta property=\"article:modified_time\" content=\"2024-12-10T16:16:22+00:00\" \/>\n<meta property=\"og:image\" content=\"https:\/\/www.piacentinatechnobrush.it\/wp-content\/uploads\/2025\/08\/og_lapiacentina_technobrush.png\" \/>\n\t<meta property=\"og:image:width\" content=\"1200\" \/>\n\t<meta property=\"og:image:height\" content=\"675\" \/>\n\t<meta property=\"og:image:type\" content=\"image\/png\" \/>\n<meta name=\"twitter:card\" content=\"summary_large_image\" \/>\n<meta name=\"twitter:label1\" content=\"Dur\u00e9e de lecture estim\u00e9e\" \/>\n\t<meta name=\"twitter:data1\" content=\"4 minutes\" \/>\n<script type=\"application\/ld+json\" class=\"yoast-schema-graph\">{\"@context\":\"https:\\\/\\\/schema.org\",\"@graph\":[{\"@type\":\"WebPage\",\"@id\":\"https:\\\/\\\/www.piacentinatechnobrush.it\\\/fr\\\/\",\"url\":\"https:\\\/\\\/www.piacentinatechnobrush.it\\\/fr\\\/\",\"name\":\"Brosses Techniques pour l'Industrie - Qualit\u00e9 Made in Italy | Technobrush\",\"isPartOf\":{\"@id\":\"https:\\\/\\\/www.piacentinatechnobrush.it\\\/#website\"},\"datePublished\":\"2024-07-03T11:15:20+00:00\",\"dateModified\":\"2024-12-10T16:16:22+00:00\",\"description\":\"D\u00e9couvrez Technobrush, le leader italien des brosses techniques pour l'industrie et le march\u00e9 domestique. Solutions personnalis\u00e9es, innovation et qualit\u00e9.\",\"breadcrumb\":{\"@id\":\"https:\\\/\\\/www.piacentinatechnobrush.it\\\/fr\\\/#breadcrumb\"},\"inLanguage\":\"fr-FR\",\"potentialAction\":[{\"@type\":\"ReadAction\",\"target\":[\"https:\\\/\\\/www.piacentinatechnobrush.it\\\/fr\\\/\"]}]},{\"@type\":\"BreadcrumbList\",\"@id\":\"https:\\\/\\\/www.piacentinatechnobrush.it\\\/fr\\\/#breadcrumb\",\"itemListElement\":[{\"@type\":\"ListItem\",\"position\":1,\"name\":\"Home\",\"item\":\"https:\\\/\\\/www.piacentinatechnobrush.it\\\/fr\\\/\"},{\"@type\":\"ListItem\",\"position\":2,\"name\":\"Accueil\"}]},{\"@type\":\"WebSite\",\"@id\":\"https:\\\/\\\/www.piacentinatechnobrush.it\\\/#website\",\"url\":\"https:\\\/\\\/www.piacentinatechnobrush.it\\\/\",\"name\":\"Technobrush - La Piacentina S.p.A.\",\"description\":\"\",\"publisher\":{\"@id\":\"https:\\\/\\\/www.piacentinatechnobrush.it\\\/#organization\"},\"potentialAction\":[{\"@type\":\"SearchAction\",\"target\":{\"@type\":\"EntryPoint\",\"urlTemplate\":\"https:\\\/\\\/www.piacentinatechnobrush.it\\\/?s={search_term_string}\"},\"query-input\":{\"@type\":\"PropertyValueSpecification\",\"valueRequired\":true,\"valueName\":\"search_term_string\"}}],\"inLanguage\":\"fr-FR\"},{\"@type\":\"Organization\",\"@id\":\"https:\\\/\\\/www.piacentinatechnobrush.it\\\/#organization\",\"name\":\"Technobrush di La Piacentina S.p.A.\",\"url\":\"https:\\\/\\\/www.piacentinatechnobrush.it\\\/\",\"logo\":{\"@type\":\"ImageObject\",\"inLanguage\":\"fr-FR\",\"@id\":\"https:\\\/\\\/www.piacentinatechnobrush.it\\\/#\\\/schema\\\/logo\\\/image\\\/\",\"url\":\"https:\\\/\\\/www.piacentinatechnobrush.it\\\/wp-content\\\/uploads\\\/2024\\\/01\\\/logo_la_piacentina_technobrush.png\",\"contentUrl\":\"https:\\\/\\\/www.piacentinatechnobrush.it\\\/wp-content\\\/uploads\\\/2024\\\/01\\\/logo_la_piacentina_technobrush.png\",\"width\":600,\"height\":120,\"caption\":\"Technobrush di La Piacentina S.p.A.\"},\"image\":{\"@id\":\"https:\\\/\\\/www.piacentinatechnobrush.it\\\/#\\\/schema\\\/logo\\\/image\\\/\"}}]}<\/script>\n<!-- \/ Yoast SEO plugin. -->","yoast_head_json":{"title":"Brosses Techniques pour l'Industrie - Qualit\u00e9 Made in Italy | Technobrush","description":"D\u00e9couvrez Technobrush, le leader italien des brosses techniques pour l'industrie et le march\u00e9 domestique. Solutions personnalis\u00e9es, innovation et qualit\u00e9.","robots":{"index":"index","follow":"follow","max-snippet":"max-snippet:-1","max-image-preview":"max-image-preview:large","max-video-preview":"max-video-preview:-1"},"canonical":"https:\/\/www.piacentinatechnobrush.it\/fr\/","og_locale":"fr_FR","og_type":"article","og_title":"Brosses Techniques pour l'Industrie - Qualit\u00e9 Made in Italy | Technobrush","og_description":"D\u00e9couvrez Technobrush, le leader italien des brosses techniques pour l'industrie et le march\u00e9 domestique. Solutions personnalis\u00e9es, innovation et qualit\u00e9.","og_url":"https:\/\/www.piacentinatechnobrush.it\/fr\/","og_site_name":"La Piacentina Technobrush","article_modified_time":"2024-12-10T16:16:22+00:00","og_image":[{"width":1200,"height":675,"url":"https:\/\/www.piacentinatechnobrush.it\/wp-content\/uploads\/2025\/08\/og_lapiacentina_technobrush.png","type":"image\/png"}],"twitter_card":"summary_large_image","twitter_misc":{"Dur\u00e9e de lecture estim\u00e9e":"4 minutes"},"schema":{"@context":"https:\/\/schema.org","@graph":[{"@type":"WebPage","@id":"https:\/\/www.piacentinatechnobrush.it\/fr\/","url":"https:\/\/www.piacentinatechnobrush.it\/fr\/","name":"Brosses Techniques pour l'Industrie - Qualit\u00e9 Made in Italy | Technobrush","isPartOf":{"@id":"https:\/\/www.piacentinatechnobrush.it\/#website"},"datePublished":"2024-07-03T11:15:20+00:00","dateModified":"2024-12-10T16:16:22+00:00","description":"D\u00e9couvrez Technobrush, le leader italien des brosses techniques pour l'industrie et le march\u00e9 domestique. Solutions personnalis\u00e9es, innovation et qualit\u00e9.","breadcrumb":{"@id":"https:\/\/www.piacentinatechnobrush.it\/fr\/#breadcrumb"},"inLanguage":"fr-FR","potentialAction":[{"@type":"ReadAction","target":["https:\/\/www.piacentinatechnobrush.it\/fr\/"]}]},{"@type":"BreadcrumbList","@id":"https:\/\/www.piacentinatechnobrush.it\/fr\/#breadcrumb","itemListElement":[{"@type":"ListItem","position":1,"name":"Home","item":"https:\/\/www.piacentinatechnobrush.it\/fr\/"},{"@type":"ListItem","position":2,"name":"Accueil"}]},{"@type":"WebSite","@id":"https:\/\/www.piacentinatechnobrush.it\/#website","url":"https:\/\/www.piacentinatechnobrush.it\/","name":"Technobrush - La Piacentina S.p.A.","description":"","publisher":{"@id":"https:\/\/www.piacentinatechnobrush.it\/#organization"},"potentialAction":[{"@type":"SearchAction","target":{"@type":"EntryPoint","urlTemplate":"https:\/\/www.piacentinatechnobrush.it\/?s={search_term_string}"},"query-input":{"@type":"PropertyValueSpecification","valueRequired":true,"valueName":"search_term_string"}}],"inLanguage":"fr-FR"},{"@type":"Organization","@id":"https:\/\/www.piacentinatechnobrush.it\/#organization","name":"Technobrush di La Piacentina S.p.A.","url":"https:\/\/www.piacentinatechnobrush.it\/","logo":{"@type":"ImageObject","inLanguage":"fr-FR","@id":"https:\/\/www.piacentinatechnobrush.it\/#\/schema\/logo\/image\/","url":"https:\/\/www.piacentinatechnobrush.it\/wp-content\/uploads\/2024\/01\/logo_la_piacentina_technobrush.png","contentUrl":"https:\/\/www.piacentinatechnobrush.it\/wp-content\/uploads\/2024\/01\/logo_la_piacentina_technobrush.png","width":600,"height":120,"caption":"Technobrush di La Piacentina S.p.A."},"image":{"@id":"https:\/\/www.piacentinatechnobrush.it\/#\/schema\/logo\/image\/"}}]}},"_links":{"self":[{"href":"https:\/\/www.piacentinatechnobrush.it\/fr\/wp-json\/wp\/v2\/pages\/596","targetHints":{"allow":["GET"]}}],"collection":[{"href":"https:\/\/www.piacentinatechnobrush.it\/fr\/wp-json\/wp\/v2\/pages"}],"about":[{"href":"https:\/\/www.piacentinatechnobrush.it\/fr\/wp-json\/wp\/v2\/types\/page"}],"author":[{"embeddable":true,"href":"https:\/\/www.piacentinatechnobrush.it\/fr\/wp-json\/wp\/v2\/users\/7"}],"replies":[{"embeddable":true,"href":"https:\/\/www.piacentinatechnobrush.it\/fr\/wp-json\/wp\/v2\/comments?post=596"}],"version-history":[{"count":0,"href":"https:\/\/www.piacentinatechnobrush.it\/fr\/wp-json\/wp\/v2\/pages\/596\/revisions"}],"wp:attachment":[{"href":"https:\/\/www.piacentinatechnobrush.it\/fr\/wp-json\/wp\/v2\/media?parent=596"}],"curies":[{"name":"wp","href":"https:\/\/api.w.org\/{rel}","templated":true}]}}