{"id":732,"date":"2024-07-30T10:20:19","date_gmt":"2024-07-30T08:20:19","guid":{"rendered":"https:\/\/www.piacentinatechnobrush.it\/private-label\/"},"modified":"2024-12-10T13:02:36","modified_gmt":"2024-12-10T12:02:36","slug":"private-label","status":"publish","type":"page","link":"https:\/\/www.piacentinatechnobrush.it\/de\/private-label\/","title":{"rendered":"Private label"},"content":{"rendered":"<div class=\"wpb-content-wrapper\"><p>[vc_section full_width=&#8220;stretch_row&#8220; ridotta=&#8220;0&#8243; carosello=&#8220;0&#8243;][vc_row full_width=&#8220;stretch_row_content_no_spaces&#8220; carosello=&#8220;0&#8243;][vc_column][vc_empty_space height=&#8220;10vw&#8220; el_class=&#8220;olive-bg&#8220;][vc_row_inner carosello=&#8220;0&#8243; el_class=&#8220;olive-bg need-pad&#8220;][vc_column_inner][vc_empty_space height=&#8220;64px&#8220; el_class=&#8220;hide-desktop&#8220;][vc_custom_heading text=&#8220;Ihre Marke, unsere Qualit\u00e4t&#8220; font_container=&#8220;tag:h1|text_align:left&#8220; use_theme_fonts=&#8220;yes&#8220; el_class=&#8220;nugat inter-tight-regular mb-3 more-bigga&#8220;][vc_column_text custom_text_color=&#8220;nugat&#8220; el_class=&#8220;biggo light&#8220;]Entdecken Sie, wie der Handelsmarken-Service [Private Label] von Technobrush Ihre Vorstellungen in Realit\u00e4t verwandelt. Wir bieten ma\u00dfgeschneiderte L\u00f6sungen zur Herstellung von Reinigungsb\u00fcrsten und technischen B\u00fcrsten mit Ihrem Markennamen, und garantieren Qualit\u00e4t und Pr\u00e4zision bis ins Detail.[\/vc_column_text][vc_single_image image=&#8220;371&#8243; img_size=&#8220;full&#8220;][\/vc_column_inner][\/vc_row_inner][vc_empty_space height=&#8220;7vw&#8220; el_class=&#8220;olive-bg&#8220;][vc_empty_space height=&#8220;6vw&#8220; el_class=&#8220;choko-bg&#8220;][vc_row_inner equal_height=&#8220;yes&#8220; content_placement=&#8220;middle&#8220; carosello=&#8220;0&#8243; el_class=&#8220;choko-bg need-pad&#8220;][vc_column_inner width=&#8220;1\/2&#8243;][vc_empty_space height=&#8220;64px&#8220; el_class=&#8220;hide-desktop&#8220;][vc_custom_heading text=&#8220;<\/p>\n<p>Erfolgreiche Kooperationen: Das Vertrauen von Branchenf\u00fchrern .&#8220; font_container=&#8220;tag:h1|text_align:left&#8220; use_theme_fonts=&#8220;yes&#8220; el_class=&#8220;nugat inter-tight-regular mb-3 more-bigga&#8220;][vc_column_text custom_text_color=&#8220;nugat&#8220; el_class=&#8220;biggo light&#8220;]Technobrush ist bereits Partner zahlreicher renommierter Marken in Italien und Europa. Dank unserer langj\u00e4hrigen Erfahrung und Fachexpertise liefern wir qualitativ hochwertige Produkte, die den spezifischen Bed\u00fcrfnissen auch anspruchsvoller Marken entsprechen und zu ihrem Markterfolg beitragen.[\/vc_column_text][\/vc_column_inner][vc_column_inner width=&#8220;1\/2&#8243;][vc_single_image image=&#8220;380&#8243; img_size=&#8220;full&#8220; el_class=&#8220;m-0 py-5 px-5&#8243;][\/vc_column_inner][\/vc_row_inner][vc_empty_space height=&#8220;6vw&#8220; el_class=&#8220;choko-bg&#8220;][vc_empty_space height=&#8220;7vw&#8220; el_class=&#8220;nugat-bg&#8220;][vc_row_inner carosello=&#8220;0&#8243; el_class=&#8220;nugat-bg need-pad&#8220;][vc_column_inner][vc_empty_space height=&#8220;64px&#8220; el_class=&#8220;hide-desktop&#8220;][vc_custom_heading text=&#8220;Der gemeinsame Prozess vom Entwurf zum Endprodukt: individuell gestaltet und ganz auf Ma\u00df&#8220; font_container=&#8220;tag:h1|text_align:left&#8220; use_theme_fonts=&#8220;yes&#8220; el_class=&#8220;choko inter-tight-regular mb-3 more-bigga&#8220;][vc_column_text custom_text_color=&#8220;choko&#8220; el_class=&#8220;biggo light&#8220;]Unser Arbeitsprozess ist darauf ausgelegt, unsere Kundenunternehmen in jeder Phase zu begleiten. Vom Entwurf \u00fcber die Musterkonzeption bis zur Produktion im vereinbarten preislichen und zeitlichen Rahmen bietet Technobrush einen ma\u00dfgeschneiderten Komplettservice. Jedes Projekt ist einzigartig, und wird mit \u00e4u\u00dferster Sorgfalt und Liebe zum Detail betreut.[\/vc_column_text][vc_empty_space][\/vc_column_inner][\/vc_row_inner][vc_empty_space height=&#8220;7vw&#8220; el_class=&#8220;nugat-bg&#8220;][\/vc_column][\/vc_row][\/vc_section][vc_section full_width=&#8220;stretch_row&#8220; ridotta=&#8220;0&#8243; carosello=&#8220;0&#8243;][vc_row full_width=&#8220;stretch_row_content_no_spaces&#8220; carosello=&#8220;0&#8243;][vc_column][vc_empty_space height=&#8220;7vw&#8220; el_class=&#8220;choko-bg&#8220;][vc_row_inner carosello=&#8220;0&#8243; el_class=&#8220;choko-bg need-pad&#8220;][vc_column_inner][vc_empty_space height=&#8220;64px&#8220; el_class=&#8220;hide-desktop&#8220;][vc_custom_heading text=&#8220;Kontaktieren Sie uns<br \/>Starten Sie Ihre Zusammenarbeit mit Technobrush<br \/>\n&#8220; font_container=&#8220;tag:h3|text_align:left&#8220; use_theme_fonts=&#8220;yes&#8220; el_class=&#8220;nugat inter-tight-regular mb-3 more-bigga&#8220;][vc_column_text custom_text_color=&#8220;nugat&#8220; el_class=&#8220;biggo light&#8220;]Wir sind stets einsatzbereit, und werden Sie bei der Realisierung Ihrer Wunschprodukte unterst\u00fctzen. Setzen Sie sich am besten noch heute mit uns in Verbindung, und entdecken Sie, wie unser Private-Label-Service zum Mehrwert f\u00fcr Ihre Marke werden kann.[\/vc_column_text][vc_btn title=&#8220;Jetzt kontaktieren&#8220; style=&#8220;custom&#8220; custom_background=&#8220;#ccb89d&#8220; custom_text=&#8220;#6e4e36&#8243; shape=&#8220;round&#8220; size=&#8220;lg&#8220; align=&#8220;left&#8220; link=&#8220;url:%23contattaci|&#8220; el_class=&#8220;biggy button-nugat&#8220;][\/vc_column_inner][\/vc_row_inner][vc_empty_space height=&#8220;7vw&#8220; el_class=&#8220;choko-bg&#8220;][vc_empty_space height=&#8220;7vw&#8220; el_class=&#8220;coffee-bg&#8220;][vc_row_inner carosello=&#8220;0&#8243; el_class=&#8220;coffee-bg need-pad&#8220; el_id=&#8220;contattaci&#8220;][vc_column_inner width=&#8220;4\/5&#8243;][vc_column_text custom_text_color=&#8220;nugat&#8220; el_class=&#8220;biggo mb-2&#8243;]Kontaktieren Sie uns[\/vc_column_text][vc_column_text custom_text_color=&#8220;nugat&#8220; el_class=&#8220;biggy&#8220;]Haben Sie Fragen oder m\u00f6chten Sie mehr \u00fcber unsere Produkte erfahren? F\u00fcllen Sie das untenstehende Formular aus und unser Team wird sich so schnell wie m\u00f6glich mit Ihnen in Verbindung setzen.[\/vc_column_text][vc_empty_space]\n<div class=\"wpcf7 no-js\" id=\"wpcf7-f746-o1\" lang=\"de-DE\" dir=\"ltr\" data-wpcf7-id=\"746\">\n<div class=\"screen-reader-response\"><p role=\"status\" aria-live=\"polite\" aria-atomic=\"true\"><\/p> <ul><\/ul><\/div>\n<form action=\"\/de\/wp-json\/wp\/v2\/pages\/732#wpcf7-f746-o1\" method=\"post\" class=\"wpcf7-form init\" aria-label=\"Kontaktformular\" novalidate=\"novalidate\" data-status=\"init\">\n<fieldset class=\"hidden-fields-container\"><input type=\"hidden\" name=\"_wpcf7\" value=\"746\" \/><input type=\"hidden\" name=\"_wpcf7_version\" value=\"6.1.6\" \/><input type=\"hidden\" name=\"_wpcf7_locale\" value=\"de_DE\" \/><input type=\"hidden\" name=\"_wpcf7_unit_tag\" value=\"wpcf7-f746-o1\" \/><input type=\"hidden\" name=\"_wpcf7_container_post\" value=\"0\" \/><input type=\"hidden\" name=\"_wpcf7_posted_data_hash\" value=\"\" \/><input type=\"hidden\" name=\"_wpcf7_recaptcha_response\" value=\"\" \/>\n<\/fieldset>\n<div class=\"row\">\n\t<div class=\"col-12\">\n\t\t<div class=\"col-md-6\">\n\t\t\t<p><label><span class=\"mb-2\">Name *<\/span><br \/>\n<span class=\"wpcf7-form-control-wrap\" data-name=\"nome\"><input size=\"40\" maxlength=\"400\" class=\"wpcf7-form-control wpcf7-text wpcf7-validates-as-required\" aria-required=\"true\" aria-invalid=\"false\" value=\"\" type=\"text\" name=\"nome\" \/><\/span> <\/label>\n\t\t\t<\/p>\n\t\t<\/div>\n\t\t<div class=\"col-md-6\">\n\t\t\t<p><label><span class=\"mb-2\">Nachname *<\/span><br \/>\n<span class=\"wpcf7-form-control-wrap\" data-name=\"cognome\"><input size=\"40\" maxlength=\"400\" class=\"wpcf7-form-control wpcf7-text wpcf7-validates-as-required\" aria-required=\"true\" aria-invalid=\"false\" value=\"\" type=\"text\" name=\"cognome\" \/><\/span> <\/label>\n\t\t\t<\/p>\n\t\t<\/div>\n\t<\/div>\n\t<div class=\"col-12\">\n\t\t<div class=\"col-md-6\">\n\t\t\t<p><label><span class=\"mb-2\">E-Mail *<\/span><br \/>\n<span class=\"wpcf7-form-control-wrap\" data-name=\"email-request\"><input size=\"40\" maxlength=\"400\" class=\"wpcf7-form-control wpcf7-email wpcf7-validates-as-required wpcf7-text wpcf7-validates-as-email\" autocomplete=\"email\" aria-required=\"true\" aria-invalid=\"false\" value=\"\" type=\"email\" name=\"email-request\" \/><\/span> <\/label>\n\t\t\t<\/p>\n\t\t<\/div>\n\t\t<div class=\"col-md-6\">\n\t\t\t<p><label><span class=\"mb-2\">Telefon<\/span><br \/>\n<span class=\"wpcf7-form-control-wrap\" data-name=\"telefono\"><input size=\"40\" maxlength=\"400\" class=\"wpcf7-form-control wpcf7-tel wpcf7-text wpcf7-validates-as-tel\" autocomplete=\"email\" aria-invalid=\"false\" value=\"\" type=\"tel\" name=\"telefono\" \/><\/span> <\/label>\n\t\t\t<\/p>\n\t\t<\/div>\n\t<\/div>\n\t<div class=\"col-12\">\n\t\t<div class=\"col-md-6\">\n\t\t\t<p><label><span class=\"mb-2\">Unternehmen<\/span><br \/>\n<span class=\"wpcf7-form-control-wrap\" data-name=\"azienda\"><input size=\"40\" maxlength=\"400\" class=\"wpcf7-form-control wpcf7-text\" aria-invalid=\"false\" value=\"\" type=\"text\" name=\"azienda\" \/><\/span> <\/label>\n\t\t\t<\/p>\n\t\t<\/div>\n\t\t<div class=\"col-12 col-md-6\">\n\t\t\t<p><label><span class=\"mb-2\">Umsatzsteueridentifikationsnummer \/ Steuernummer<\/span><br \/>\n<span class=\"wpcf7-form-control-wrap\" data-name=\"piva\"><input size=\"40\" maxlength=\"400\" class=\"wpcf7-form-control wpcf7-text\" aria-invalid=\"false\" value=\"\" type=\"text\" name=\"piva\" \/><\/span> <\/label>\n\t\t\t<\/p>\n\t\t<\/div>\n\t<\/div>\n\t<div class=\"col-12\">\n\t\t<p><label><span class=\"mb-2\">Nachricht *<\/span><br \/>\n<span class=\"wpcf7-form-control-wrap\" data-name=\"note\"><textarea cols=\"40\" rows=\"10\" maxlength=\"2000\" class=\"wpcf7-form-control wpcf7-textarea wpcf7-validates-as-required\" aria-required=\"true\" aria-invalid=\"false\" name=\"note\"><\/textarea><\/span> <\/label>\n\t\t<\/p>\n\t<\/div>\n\t<div class=\"col-12 p-0 acceptance\">\n\t\t<p><span class=\"wpcf7-form-control-wrap\" data-name=\"acceptance-495\"><span class=\"wpcf7-form-control wpcf7-acceptance\"><span class=\"wpcf7-list-item\"><label><input type=\"checkbox\" name=\"acceptance-495\" value=\"1\" aria-invalid=\"false\" \/><span class=\"wpcf7-list-item-label\"><span style=\"color:#EDE1D1;\">Ich habe die <a style=\"color:#EDE1D1;\" href=\"https:\/\/www.piacentina.it\/privacy-cookie-policy\/\">Datenschutzbestimmungen<\/a> gelesen und akzeptiere sie<\/span><\/label><\/span><\/span><\/span>\n\t\t<\/p>\n\t<\/div>\n\t<div class=\"col-12 ps-3\">\n\t\t<p><input class=\"wpcf7-form-control wpcf7-submit has-spinner\" type=\"submit\" value=\"senden.\" \/>\n\t\t<\/p>\n\t<\/div>\n<\/div><div class=\"wpcf7-response-output\" aria-hidden=\"true\"><\/div>\n<\/form>\n<\/div>\n[\/vc_column_inner][vc_column_inner width=&#8220;1\/5&#8243;][\/vc_column_inner][\/vc_row_inner][vc_empty_space height=&#8220;7vw&#8220; el_class=&#8220;coffee-bg&#8220;][\/vc_column][\/vc_row][\/vc_section]<\/p>\n<\/div>","protected":false},"excerpt":{"rendered":"[vc_section full_width=\"stretch_row\" ridotta=\"0\" carosello=\"0\"][vc_row full_width=\"stretch_row_content_no_spaces\" carosello=\"0\"][vc_column][vc_empty_space height=\"10vw\" el_class=\"olive-bg\"][vc_row_inner carosello=\"0\" el_class=\"olive-bg need-pad\"][vc_column_inner][vc_empty_space height=\"64px\" el_class=\"hide-desktop\"][vc_custom_heading text=\"Ihre Marke, unsere Qualit\u00e4t\" font_container=\"tag:h1|text_align:left\" use_theme_fonts=\"yes\" el_class=\"nugat inter-tight-regular mb-3 more-bigga\"][vc_column_text custom_text_color=\"nugat\" el_class=\"biggo light\"]Entdecken Sie, wie der Handelsmarken-Service [Private Label] von Technobrush Ihre Vorstellungen in Realit\u00e4t verwandelt. Wir bieten ma\u00dfgeschneiderte L\u00f6sungen zur Herstellung von Reinigungsb\u00fcrsten und technischen B\u00fcrsten mit Ihrem Markennamen, und garantieren","protected":false},"author":7,"featured_media":0,"parent":0,"menu_order":0,"comment_status":"closed","ping_status":"closed","template":"","meta":{"_acf_changed":false,"footnotes":""},"class_list":["post-732","page","type-page","status-publish","hentry"],"acf":[],"yoast_head":"<!-- This site is optimized with the Yoast SEO plugin v27.6 - https:\/\/yoast.com\/product\/yoast-seo-wordpress\/ -->\n<title>K\u00fchlerb\u00fcrsten, Industrieb\u00fcrsten: Private Label Produktion<\/title>\n<meta name=\"description\" content=\"Wir bieten Ihnen ma\u00dfgeschneiderte L\u00f6sungen f\u00fcr die Herstellung von Pfeifenreinigern und technischen B\u00fcrsten mit Ihrem Markennamen und garantieren Ihnen Qualit\u00e4t und Pr\u00e4zision in jedem Detail.\" \/>\n<meta name=\"robots\" content=\"index, follow, max-snippet:-1, max-image-preview:large, max-video-preview:-1\" \/>\n<link rel=\"canonical\" href=\"https:\/\/www.piacentinatechnobrush.it\/de\/private-label\/\" \/>\n<meta property=\"og:locale\" content=\"de_DE\" \/>\n<meta property=\"og:type\" content=\"article\" \/>\n<meta property=\"og:title\" content=\"K\u00fchlerb\u00fcrsten, Industrieb\u00fcrsten: Private Label Produktion\" \/>\n<meta property=\"og:description\" content=\"Wir bieten Ihnen ma\u00dfgeschneiderte L\u00f6sungen f\u00fcr die Herstellung von Pfeifenreinigern und technischen B\u00fcrsten mit Ihrem Markennamen und garantieren Ihnen Qualit\u00e4t und Pr\u00e4zision in jedem Detail.\" \/>\n<meta property=\"og:url\" content=\"https:\/\/www.piacentinatechnobrush.it\/de\/private-label\/\" \/>\n<meta property=\"og:site_name\" content=\"La Piacentina Technobrush\" \/>\n<meta property=\"article:modified_time\" content=\"2024-12-10T12:02:36+00:00\" \/>\n<meta property=\"og:image\" content=\"https:\/\/www.piacentinatechnobrush.it\/wp-content\/uploads\/2025\/08\/og_lapiacentina_technobrush.png\" \/>\n\t<meta property=\"og:image:width\" content=\"1200\" \/>\n\t<meta property=\"og:image:height\" content=\"675\" \/>\n\t<meta property=\"og:image:type\" content=\"image\/png\" \/>\n<meta name=\"twitter:card\" content=\"summary_large_image\" \/>\n<meta name=\"twitter:label1\" content=\"Gesch\u00e4tzte Lesezeit\" \/>\n\t<meta name=\"twitter:data1\" content=\"4\u00a0Minuten\" \/>\n<script type=\"application\/ld+json\" class=\"yoast-schema-graph\">{\"@context\":\"https:\\\/\\\/schema.org\",\"@graph\":[{\"@type\":\"WebPage\",\"@id\":\"https:\\\/\\\/www.piacentinatechnobrush.it\\\/de\\\/private-label\\\/\",\"url\":\"https:\\\/\\\/www.piacentinatechnobrush.it\\\/de\\\/private-label\\\/\",\"name\":\"K\u00fchlerb\u00fcrsten, Industrieb\u00fcrsten: Private Label Produktion\",\"isPartOf\":{\"@id\":\"https:\\\/\\\/www.piacentinatechnobrush.it\\\/#website\"},\"datePublished\":\"2024-07-30T08:20:19+00:00\",\"dateModified\":\"2024-12-10T12:02:36+00:00\",\"description\":\"Wir bieten Ihnen ma\u00dfgeschneiderte L\u00f6sungen f\u00fcr die Herstellung von Pfeifenreinigern und technischen B\u00fcrsten mit Ihrem Markennamen und garantieren Ihnen Qualit\u00e4t und Pr\u00e4zision in jedem Detail.\",\"breadcrumb\":{\"@id\":\"https:\\\/\\\/www.piacentinatechnobrush.it\\\/de\\\/private-label\\\/#breadcrumb\"},\"inLanguage\":\"de\",\"potentialAction\":[{\"@type\":\"ReadAction\",\"target\":[\"https:\\\/\\\/www.piacentinatechnobrush.it\\\/de\\\/private-label\\\/\"]}]},{\"@type\":\"BreadcrumbList\",\"@id\":\"https:\\\/\\\/www.piacentinatechnobrush.it\\\/de\\\/private-label\\\/#breadcrumb\",\"itemListElement\":[{\"@type\":\"ListItem\",\"position\":1,\"name\":\"Home\",\"item\":\"https:\\\/\\\/www.piacentinatechnobrush.it\\\/de\\\/\"},{\"@type\":\"ListItem\",\"position\":2,\"name\":\"Private label\"}]},{\"@type\":\"WebSite\",\"@id\":\"https:\\\/\\\/www.piacentinatechnobrush.it\\\/#website\",\"url\":\"https:\\\/\\\/www.piacentinatechnobrush.it\\\/\",\"name\":\"Technobrush - La Piacentina S.p.A.\",\"description\":\"\",\"publisher\":{\"@id\":\"https:\\\/\\\/www.piacentinatechnobrush.it\\\/#organization\"},\"potentialAction\":[{\"@type\":\"SearchAction\",\"target\":{\"@type\":\"EntryPoint\",\"urlTemplate\":\"https:\\\/\\\/www.piacentinatechnobrush.it\\\/?s={search_term_string}\"},\"query-input\":{\"@type\":\"PropertyValueSpecification\",\"valueRequired\":true,\"valueName\":\"search_term_string\"}}],\"inLanguage\":\"de\"},{\"@type\":\"Organization\",\"@id\":\"https:\\\/\\\/www.piacentinatechnobrush.it\\\/#organization\",\"name\":\"Technobrush di La Piacentina S.p.A.\",\"url\":\"https:\\\/\\\/www.piacentinatechnobrush.it\\\/\",\"logo\":{\"@type\":\"ImageObject\",\"inLanguage\":\"de\",\"@id\":\"https:\\\/\\\/www.piacentinatechnobrush.it\\\/#\\\/schema\\\/logo\\\/image\\\/\",\"url\":\"https:\\\/\\\/www.piacentinatechnobrush.it\\\/wp-content\\\/uploads\\\/2024\\\/01\\\/logo_la_piacentina_technobrush.png\",\"contentUrl\":\"https:\\\/\\\/www.piacentinatechnobrush.it\\\/wp-content\\\/uploads\\\/2024\\\/01\\\/logo_la_piacentina_technobrush.png\",\"width\":600,\"height\":120,\"caption\":\"Technobrush di La Piacentina S.p.A.\"},\"image\":{\"@id\":\"https:\\\/\\\/www.piacentinatechnobrush.it\\\/#\\\/schema\\\/logo\\\/image\\\/\"}}]}<\/script>\n<!-- \/ Yoast SEO plugin. -->","yoast_head_json":{"title":"K\u00fchlerb\u00fcrsten, Industrieb\u00fcrsten: Private Label Produktion","description":"Wir bieten Ihnen ma\u00dfgeschneiderte L\u00f6sungen f\u00fcr die Herstellung von Pfeifenreinigern und technischen B\u00fcrsten mit Ihrem Markennamen und garantieren Ihnen Qualit\u00e4t und Pr\u00e4zision in jedem Detail.","robots":{"index":"index","follow":"follow","max-snippet":"max-snippet:-1","max-image-preview":"max-image-preview:large","max-video-preview":"max-video-preview:-1"},"canonical":"https:\/\/www.piacentinatechnobrush.it\/de\/private-label\/","og_locale":"de_DE","og_type":"article","og_title":"K\u00fchlerb\u00fcrsten, Industrieb\u00fcrsten: Private Label Produktion","og_description":"Wir bieten Ihnen ma\u00dfgeschneiderte L\u00f6sungen f\u00fcr die Herstellung von Pfeifenreinigern und technischen B\u00fcrsten mit Ihrem Markennamen und garantieren Ihnen Qualit\u00e4t und Pr\u00e4zision in jedem Detail.","og_url":"https:\/\/www.piacentinatechnobrush.it\/de\/private-label\/","og_site_name":"La Piacentina Technobrush","article_modified_time":"2024-12-10T12:02:36+00:00","og_image":[{"width":1200,"height":675,"url":"https:\/\/www.piacentinatechnobrush.it\/wp-content\/uploads\/2025\/08\/og_lapiacentina_technobrush.png","type":"image\/png"}],"twitter_card":"summary_large_image","twitter_misc":{"Gesch\u00e4tzte Lesezeit":"4\u00a0Minuten"},"schema":{"@context":"https:\/\/schema.org","@graph":[{"@type":"WebPage","@id":"https:\/\/www.piacentinatechnobrush.it\/de\/private-label\/","url":"https:\/\/www.piacentinatechnobrush.it\/de\/private-label\/","name":"K\u00fchlerb\u00fcrsten, Industrieb\u00fcrsten: Private Label Produktion","isPartOf":{"@id":"https:\/\/www.piacentinatechnobrush.it\/#website"},"datePublished":"2024-07-30T08:20:19+00:00","dateModified":"2024-12-10T12:02:36+00:00","description":"Wir bieten Ihnen ma\u00dfgeschneiderte L\u00f6sungen f\u00fcr die Herstellung von Pfeifenreinigern und technischen B\u00fcrsten mit Ihrem Markennamen und garantieren Ihnen Qualit\u00e4t und Pr\u00e4zision in jedem Detail.","breadcrumb":{"@id":"https:\/\/www.piacentinatechnobrush.it\/de\/private-label\/#breadcrumb"},"inLanguage":"de","potentialAction":[{"@type":"ReadAction","target":["https:\/\/www.piacentinatechnobrush.it\/de\/private-label\/"]}]},{"@type":"BreadcrumbList","@id":"https:\/\/www.piacentinatechnobrush.it\/de\/private-label\/#breadcrumb","itemListElement":[{"@type":"ListItem","position":1,"name":"Home","item":"https:\/\/www.piacentinatechnobrush.it\/de\/"},{"@type":"ListItem","position":2,"name":"Private label"}]},{"@type":"WebSite","@id":"https:\/\/www.piacentinatechnobrush.it\/#website","url":"https:\/\/www.piacentinatechnobrush.it\/","name":"Technobrush - La Piacentina S.p.A.","description":"","publisher":{"@id":"https:\/\/www.piacentinatechnobrush.it\/#organization"},"potentialAction":[{"@type":"SearchAction","target":{"@type":"EntryPoint","urlTemplate":"https:\/\/www.piacentinatechnobrush.it\/?s={search_term_string}"},"query-input":{"@type":"PropertyValueSpecification","valueRequired":true,"valueName":"search_term_string"}}],"inLanguage":"de"},{"@type":"Organization","@id":"https:\/\/www.piacentinatechnobrush.it\/#organization","name":"Technobrush di La Piacentina S.p.A.","url":"https:\/\/www.piacentinatechnobrush.it\/","logo":{"@type":"ImageObject","inLanguage":"de","@id":"https:\/\/www.piacentinatechnobrush.it\/#\/schema\/logo\/image\/","url":"https:\/\/www.piacentinatechnobrush.it\/wp-content\/uploads\/2024\/01\/logo_la_piacentina_technobrush.png","contentUrl":"https:\/\/www.piacentinatechnobrush.it\/wp-content\/uploads\/2024\/01\/logo_la_piacentina_technobrush.png","width":600,"height":120,"caption":"Technobrush di La Piacentina S.p.A."},"image":{"@id":"https:\/\/www.piacentinatechnobrush.it\/#\/schema\/logo\/image\/"}}]}},"_links":{"self":[{"href":"https:\/\/www.piacentinatechnobrush.it\/de\/wp-json\/wp\/v2\/pages\/732","targetHints":{"allow":["GET"]}}],"collection":[{"href":"https:\/\/www.piacentinatechnobrush.it\/de\/wp-json\/wp\/v2\/pages"}],"about":[{"href":"https:\/\/www.piacentinatechnobrush.it\/de\/wp-json\/wp\/v2\/types\/page"}],"author":[{"embeddable":true,"href":"https:\/\/www.piacentinatechnobrush.it\/de\/wp-json\/wp\/v2\/users\/7"}],"replies":[{"embeddable":true,"href":"https:\/\/www.piacentinatechnobrush.it\/de\/wp-json\/wp\/v2\/comments?post=732"}],"version-history":[{"count":0,"href":"https:\/\/www.piacentinatechnobrush.it\/de\/wp-json\/wp\/v2\/pages\/732\/revisions"}],"wp:attachment":[{"href":"https:\/\/www.piacentinatechnobrush.it\/de\/wp-json\/wp\/v2\/media?parent=732"}],"curies":[{"name":"wp","href":"https:\/\/api.w.org\/{rel}","templated":true}]}}